{"id":12,"date":"2019-08-12T08:59:10","date_gmt":"2019-08-12T06:59:10","guid":{"rendered":"http:\/\/architektbukowina.pl\/?page_id=12"},"modified":"2019-09-08T13:56:22","modified_gmt":"2019-09-08T11:56:22","slug":"kontakt","status":"publish","type":"page","link":"http:\/\/architektbukowina.pl\/index.php\/kontakt\/","title":{"rendered":"Kontakt"},"content":{"rendered":"\n<p><strong>Miko\u0142ajczyk Irena Us\u0142ugi Projektowe<br>Ul. Ko\u015bciuszki 50<br>34-530 Bukowina Tatrza\u0144ska<\/strong> (ma\u0142opolskie)<br><br><strong>tel.: <a href=\"tel: 603649294\">603 649 294<\/a><\/strong><\/p>\n\n\n\n<figure><iframe loading=\"lazy\" src=\"https:\/\/www.google.com\/maps\/embed?pb=!1m18!1m12!1m3!1d64125.89680542343!2d20.066405538525025!3d49.356289055074015!2m3!1f0!2f0!3f0!3m2!1i1024!2i768!4f13.1!3m3!1m2!1s0x0%3A0xc8f010cb949cf816!2sArchitekt%20Bukowina!5e0!3m2!1spl!2spl!4v1567943651552!5m2!1spl!2spl\" allowfullscreen=\"\" width=\"600\" height=\"450\"><\/iframe><\/figure>\n","protected":false},"excerpt":{"rendered":"<p>Miko\u0142ajczyk Irena Us\u0142ugi ProjektoweUl. Ko\u015bciuszki 5034-530 Bukowina Tatrza\u0144ska (ma\u0142opolskie) tel.: 603 649 294<\/p>\n","protected":false},"author":1,"featured_media":0,"parent":0,"menu_order":0,"comment_status":"closed","ping_status":"closed","template":"","meta":{"ngg_post_thumbnail":0},"_links":{"self":[{"href":"http:\/\/architektbukowina.pl\/index.php\/wp-json\/wp\/v2\/pages\/12"}],"collection":[{"href":"http:\/\/architektbukowina.pl\/index.php\/wp-json\/wp\/v2\/pages"}],"about":[{"href":"http:\/\/architektbukowina.pl\/index.php\/wp-json\/wp\/v2\/types\/page"}],"author":[{"embeddable":true,"href":"http:\/\/architektbukowina.pl\/index.php\/wp-json\/wp\/v2\/users\/1"}],"replies":[{"embeddable":true,"href":"http:\/\/architektbukowina.pl\/index.php\/wp-json\/wp\/v2\/comments?post=12"}],"version-history":[{"count":4,"href":"http:\/\/architektbukowina.pl\/index.php\/wp-json\/wp\/v2\/pages\/12\/revisions"}],"predecessor-version":[{"id":55,"href":"http:\/\/architektbukowina.pl\/index.php\/wp-json\/wp\/v2\/pages\/12\/revisions\/55"}],"wp:attachment":[{"href":"http:\/\/architektbukowina.pl\/index.php\/wp-json\/wp\/v2\/media?parent=12"}],"curies":[{"name":"wp","href":"https:\/\/api.w.org\/{rel}","templated":true}]}}