{"id":25,"date":"2019-09-08T14:10:25","date_gmt":"2019-09-08T12:10:25","guid":{"rendered":"http:\/\/architektbukowina.pl\/?page_id=25"},"modified":"2019-11-08T08:42:06","modified_gmt":"2019-11-08T07:42:06","slug":"o-nas","status":"publish","type":"page","link":"http:\/\/architektbukowina.pl\/","title":{"rendered":"O nas"},"content":{"rendered":"\n<p>\u0141\u0105czymy tradycje i nowoczesno\u015b\u0107<\/p>\n\n\n\n<p>Wykonuj\u0119 projekty budowlane wszelkich obiekt\u00f3w architektonicznych  oraz adaptacje projekt\u00f3w dom\u00f3w jednorodzinnych oraz obiekt\u00f3w us\u0142ugowych. Pomagam w wype\u0142nieniu wniosku o warunkach zabudowy, pozwolenia na budow\u0119 oraz pozwolenia na u\u017cytkowanie. Zajmuj\u0119 si\u0119 tak\u017ce zmian\u0105 sposob\u00f3w u\u017cytkowania obiekt\u00f3w oraz odst\u0119pstwami od warunk\u00f3w technicznych.<\/p>\n\n\n\n<div class=\"wp-block-image\"><figure class=\"aligncenter size-large is-resized\"><img loading=\"lazy\" src=\"http:\/\/architektbukowina.pl\/wp-content\/uploads\/2019\/09\/ja.jpg\" alt=\"\" class=\"wp-image-26\" width=\"241\" height=\"329\" srcset=\"http:\/\/architektbukowina.pl\/wp-content\/uploads\/2019\/09\/ja.jpg 408w, http:\/\/architektbukowina.pl\/wp-content\/uploads\/2019\/09\/ja-220x300.jpg 220w\" sizes=\"(max-width: 241px) 100vw, 241px\" \/><\/figure><\/div>\n\n\n\n<p><br>  Miko\u0142ajczyk Irena rozpocz\u0119\u0142a dzia\u0142alno\u015b\u0107 w dniu 1993-01-11  <\/p>\n","protected":false},"excerpt":{"rendered":"<p>\u0141\u0105czymy tradycje i nowoczesno\u015b\u0107 Wykonuj\u0119 projekty budowlane wszelkich obiekt\u00f3w architektonicznych oraz adaptacje projekt\u00f3w dom\u00f3w jednorodzinnych oraz obiekt\u00f3w us\u0142ugowych. Pomagam w wype\u0142nieniu wniosku o warunkach zabudowy, pozwolenia na budow\u0119 oraz pozwolenia na u\u017cytkowanie. Zajmuj\u0119 si\u0119 tak\u017ce zmian\u0105 sposob\u00f3w u\u017cytkowania obiekt\u00f3w oraz odst\u0119pstwami od warunk\u00f3w technicznych. Miko\u0142ajczyk Irena rozpocz\u0119\u0142a dzia\u0142alno\u015b\u0107 w dniu 1993-01-11<\/p>\n","protected":false},"author":1,"featured_media":0,"parent":0,"menu_order":0,"comment_status":"closed","ping_status":"closed","template":"","meta":{"ngg_post_thumbnail":0},"_links":{"self":[{"href":"http:\/\/architektbukowina.pl\/index.php\/wp-json\/wp\/v2\/pages\/25"}],"collection":[{"href":"http:\/\/architektbukowina.pl\/index.php\/wp-json\/wp\/v2\/pages"}],"about":[{"href":"http:\/\/architektbukowina.pl\/index.php\/wp-json\/wp\/v2\/types\/page"}],"author":[{"embeddable":true,"href":"http:\/\/architektbukowina.pl\/index.php\/wp-json\/wp\/v2\/users\/1"}],"replies":[{"embeddable":true,"href":"http:\/\/architektbukowina.pl\/index.php\/wp-json\/wp\/v2\/comments?post=25"}],"version-history":[{"count":5,"href":"http:\/\/architektbukowina.pl\/index.php\/wp-json\/wp\/v2\/pages\/25\/revisions"}],"predecessor-version":[{"id":118,"href":"http:\/\/architektbukowina.pl\/index.php\/wp-json\/wp\/v2\/pages\/25\/revisions\/118"}],"wp:attachment":[{"href":"http:\/\/architektbukowina.pl\/index.php\/wp-json\/wp\/v2\/media?parent=25"}],"curies":[{"name":"wp","href":"https:\/\/api.w.org\/{rel}","templated":true}]}}